{"id":47,"date":"2014-12-02T23:23:43","date_gmt":"2014-12-02T23:23:43","guid":{"rendered":"http:\/\/capsurlextreme.com\/blog\/?page_id=47"},"modified":"2017-08-21T23:32:44","modified_gmt":"2017-08-21T22:32:44","slug":"home-page","status":"publish","type":"page","link":"https:\/\/capsurlextreme.com\/blog\/","title":{"rendered":"Accueil | Cap sur l&rsquo;extr\u00eame"},"content":{"rendered":"<p>[et_pb_section admin_label=\u00a0\u00bbsection\u00a0\u00bb transparent_background=\u00a0\u00bboff\u00a0\u00bb allow_player_pause=\u00a0\u00bboff\u00a0\u00bb inner_shadow=\u00a0\u00bboff\u00a0\u00bb parallax=\u00a0\u00bboff\u00a0\u00bb parallax_method=\u00a0\u00bboff\u00a0\u00bb custom_padding=\u00a0\u00bb10px||10px|\u00a0\u00bb padding_mobile=\u00a0\u00bboff\u00a0\u00bb make_fullwidth=\u00a0\u00bboff\u00a0\u00bb use_custom_width=\u00a0\u00bboff\u00a0\u00bb width_unit=\u00a0\u00bbon\u00a0\u00bb make_equal=\u00a0\u00bboff\u00a0\u00bb use_custom_gutter=\u00a0\u00bboff\u00a0\u00bb][et_pb_row admin_label=\u00a0\u00bbrow\u00a0\u00bb make_fullwidth=\u00a0\u00bboff\u00a0\u00bb use_custom_width=\u00a0\u00bboff\u00a0\u00bb width_unit=\u00a0\u00bbon\u00a0\u00bb use_custom_gutter=\u00a0\u00bboff\u00a0\u00bb padding_mobile=\u00a0\u00bboff\u00a0\u00bb allow_player_pause=\u00a0\u00bboff\u00a0\u00bb parallax=\u00a0\u00bboff\u00a0\u00bb parallax_method=\u00a0\u00bboff\u00a0\u00bb make_equal=\u00a0\u00bboff\u00a0\u00bb parallax_1=\u00a0\u00bboff\u00a0\u00bb parallax_method_1=\u00a0\u00bboff\u00a0\u00bb column_padding_mobile=\u00a0\u00bbon\u00a0\u00bb custom_padding=\u00a0\u00bb5px||5px|\u00a0\u00bb][et_pb_column type=\u00a0\u00bb4_4&Prime;][et_pb_image admin_label=\u00a0\u00bbImage logo grande vadrouille\u00a0\u00bb src=\u00a0\u00bbhttp:\/\/capsurlextreme.com\/blog\/wp-content\/uploads\/2016\/03\/logo-la-grande-vadrouille-alone.png\u00a0\u00bb alt=\u00a0\u00bbLa grande vadrouille\u00a0\u00bb show_in_lightbox=\u00a0\u00bboff\u00a0\u00bb url_new_window=\u00a0\u00bboff\u00a0\u00bb use_overlay=\u00a0\u00bboff\u00a0\u00bb animation=\u00a0\u00bboff\u00a0\u00bb sticky=\u00a0\u00bbon\u00a0\u00bb align=\u00a0\u00bbcenter\u00a0\u00bb force_fullwidth=\u00a0\u00bboff\u00a0\u00bb always_center_on_mobile=\u00a0\u00bbon\u00a0\u00bb use_border_color=\u00a0\u00bboff\u00a0\u00bb border_color=\u00a0\u00bb#ffffff\u00a0\u00bb border_style=\u00a0\u00bbsolid\u00a0\u00bb title_text=\u00a0\u00bbLa grande vadrouille\u00a0\u00bb] [\/et_pb_image][et_pb_slider admin_label=\u00a0\u00bbSlider\u00a0\u00bb show_arrows=\u00a0\u00bbon\u00a0\u00bb show_pagination=\u00a0\u00bbon\u00a0\u00bb auto=\u00a0\u00bbon\u00a0\u00bb parallax=\u00a0\u00bboff\u00a0\u00bb parallax_method=\u00a0\u00bboff\u00a0\u00bb auto_ignore_hover=\u00a0\u00bboff\u00a0\u00bb remove_inner_shadow=\u00a0\u00bboff\u00a0\u00bb background_position=\u00a0\u00bbdefault\u00a0\u00bb background_size=\u00a0\u00bbdefault\u00a0\u00bb hide_content_on_mobile=\u00a0\u00bboff\u00a0\u00bb hide_cta_on_mobile=\u00a0\u00bbon\u00a0\u00bb show_image_video_mobile=\u00a0\u00bboff\u00a0\u00bb custom_button=\u00a0\u00bboff\u00a0\u00bb button_letter_spacing=\u00a0\u00bb0&Prime; button_use_icon=\u00a0\u00bbdefault\u00a0\u00bb button_icon_placement=\u00a0\u00bbright\u00a0\u00bb button_on_hover=\u00a0\u00bbon\u00a0\u00bb button_letter_spacing_hover=\u00a0\u00bb0&Prime; button_icon=\u00a0\u00bb%%19%%\u00a0\u00bb] [et_pb_slide heading=\u00a0\u00bbSulawesi : bienvenue au Paradis\u00a0\u00bb button_text=\u00a0\u00bbD\u00e9couvrir\u00a0\u00bb button_link=\u00a0\u00bbhttp:\/\/capsurlextreme.com\/blog\/?p=1226&Prime; background_image=\u00a0\u00bbhttp:\/\/capsurlextreme.com\/blog\/wp-content\/uploads\/2016\/09\/cover-bolilanga.jpg\u00a0\u00bb background_position=\u00a0\u00bbcenter\u00a0\u00bb background_size=\u00a0\u00bbcover\u00a0\u00bb background_color=\u00a0\u00bb#ffffff\u00a0\u00bb use_bg_overlay=\u00a0\u00bbon\u00a0\u00bb use_text_overlay=\u00a0\u00bbon\u00a0\u00bb alignment=\u00a0\u00bbcenter\u00a0\u00bb background_layout=\u00a0\u00bbdark\u00a0\u00bb allow_player_pause=\u00a0\u00bboff\u00a0\u00bb text_border_radius=\u00a0\u00bb3&Prime; header_font_select=\u00a0\u00bbdefault\u00a0\u00bb header_font=\u00a0\u00bb||||\u00a0\u00bb body_font_select=\u00a0\u00bbdefault\u00a0\u00bb body_font=\u00a0\u00bb||||\u00a0\u00bb custom_button=\u00a0\u00bboff\u00a0\u00bb button_font_select=\u00a0\u00bbdefault\u00a0\u00bb button_font=\u00a0\u00bb||||\u00a0\u00bb button_use_icon=\u00a0\u00bbdefault\u00a0\u00bb button_icon_placement=\u00a0\u00bbright\u00a0\u00bb button_on_hover=\u00a0\u00bbon\u00a0\u00bb]<\/p>\n<p>&nbsp;<\/p>\n<p>Attention, cet article va vous donner envie de partir&#8230;<\/p>\n<p>&nbsp;<\/p>\n<p>[\/et_pb_slide][et_pb_slide heading=\u00a0\u00bbFidji : la carte postale\u00a0\u00bb button_text=\u00a0\u00bbLire\u00a0\u00bb button_link=\u00a0\u00bbhttp:\/\/capsurlextreme.com\/blog\/?p=1187&Prime; background_image=\u00a0\u00bbhttp:\/\/capsurlextreme.com\/blog\/wp-content\/uploads\/2016\/08\/cover-yasawa.jpg\u00a0\u00bb background_position=\u00a0\u00bbcenter\u00a0\u00bb background_size=\u00a0\u00bbcover\u00a0\u00bb background_color=\u00a0\u00bb#ffffff\u00a0\u00bb use_bg_overlay=\u00a0\u00bbon\u00a0\u00bb use_text_overlay=\u00a0\u00bbon\u00a0\u00bb alignment=\u00a0\u00bbcenter\u00a0\u00bb background_layout=\u00a0\u00bbdark\u00a0\u00bb allow_player_pause=\u00a0\u00bboff\u00a0\u00bb text_border_radius=\u00a0\u00bb3&Prime; header_font_select=\u00a0\u00bbdefault\u00a0\u00bb header_font=\u00a0\u00bb||||\u00a0\u00bb body_font_select=\u00a0\u00bbdefault\u00a0\u00bb body_font=\u00a0\u00bb||||\u00a0\u00bb custom_button=\u00a0\u00bboff\u00a0\u00bb button_font_select=\u00a0\u00bbdefault\u00a0\u00bb button_font=\u00a0\u00bb||||\u00a0\u00bb button_use_icon=\u00a0\u00bbdefault\u00a0\u00bb button_icon_placement=\u00a0\u00bbright\u00a0\u00bb button_on_hover=\u00a0\u00bbon\u00a0\u00bb]<\/p>\n<p>&nbsp;<\/p>\n<p>Des plages de sable blanc, ourl\u00e9es de cocotiers&#8230; Que demander de plus ?<\/p>\n<p>[\/et_pb_slide][et_pb_slide heading=\u00a0\u00bbTorres del Paine\u00a0\u00bb button_text=\u00a0\u00bbSuite\u00a0\u00bb button_link=\u00a0\u00bbhttp:\/\/capsurlextreme.com\/blog\/?p=227&Prime; background_image=\u00a0\u00bbhttp:\/\/capsurlextreme.com\/blog\/wp-content\/uploads\/2016\/02\/ElChalten_Cover.jpg\u00a0\u00bb background_position=\u00a0\u00bbcenter\u00a0\u00bb background_size=\u00a0\u00bbcover\u00a0\u00bb background_color=\u00a0\u00bb#ffffff\u00a0\u00bb use_bg_overlay=\u00a0\u00bbon\u00a0\u00bb use_text_overlay=\u00a0\u00bbon\u00a0\u00bb alignment=\u00a0\u00bbcenter\u00a0\u00bb background_layout=\u00a0\u00bbdark\u00a0\u00bb allow_player_pause=\u00a0\u00bboff\u00a0\u00bb text_border_radius=\u00a0\u00bb3&Prime; header_font_select=\u00a0\u00bbdefault\u00a0\u00bb header_font=\u00a0\u00bb||||\u00a0\u00bb body_font_select=\u00a0\u00bbdefault\u00a0\u00bb body_font=\u00a0\u00bb||||\u00a0\u00bb custom_button=\u00a0\u00bboff\u00a0\u00bb button_font_select=\u00a0\u00bbdefault\u00a0\u00bb button_font=\u00a0\u00bb||||\u00a0\u00bb button_use_icon=\u00a0\u00bbdefault\u00a0\u00bb button_icon_placement=\u00a0\u00bbright\u00a0\u00bb button_on_hover=\u00a0\u00bbon\u00a0\u00bb]<\/p>\n<p>5 jours sur les sentiers de la Patagonie chilienne<\/p>\n<p>[\/et_pb_slide][et_pb_slide heading=\u00a0\u00bb\u00cele de P\u00e2ques\u00a0\u00bb button_text=\u00a0\u00bbEn route\u00a0\u00bb button_link=\u00a0\u00bbhttp:\/\/capsurlextreme.com\/blog\/?p=578&Prime; background_image=\u00a0\u00bbhttp:\/\/capsurlextreme.com\/blog\/wp-content\/uploads\/2016\/03\/Islapascua_cover.jpeg\u00a0\u00bb background_position=\u00a0\u00bbbottom_center\u00a0\u00bb background_size=\u00a0\u00bbcover\u00a0\u00bb background_color=\u00a0\u00bb#ffffff\u00a0\u00bb use_bg_overlay=\u00a0\u00bboff\u00a0\u00bb use_text_overlay=\u00a0\u00bbon\u00a0\u00bb alignment=\u00a0\u00bbcenter\u00a0\u00bb background_layout=\u00a0\u00bbdark\u00a0\u00bb allow_player_pause=\u00a0\u00bboff\u00a0\u00bb admin_title=\u00a0\u00bbile de paques\u00a0\u00bb text_border_radius=\u00a0\u00bb3&Prime; header_font_select=\u00a0\u00bbdefault\u00a0\u00bb header_font=\u00a0\u00bb||||\u00a0\u00bb body_font_select=\u00a0\u00bbdefault\u00a0\u00bb body_font=\u00a0\u00bb||||\u00a0\u00bb custom_button=\u00a0\u00bboff\u00a0\u00bb button_font_select=\u00a0\u00bbdefault\u00a0\u00bb button_font=\u00a0\u00bb||||\u00a0\u00bb button_use_icon=\u00a0\u00bbdefault\u00a0\u00bb button_icon_placement=\u00a0\u00bbright\u00a0\u00bb button_on_hover=\u00a0\u00bbon\u00a0\u00bb]<\/p>\n<p>Escapade sur la mythique \u00eele de Polyn\u00e9sie<\/p>\n<p>[\/et_pb_slide][et_pb_slide heading=\u00a0\u00bbCarnet de route\u00a0\u00bb button_text=\u00a0\u00bbDerni\u00e8res nouvelles\u00a0\u00bb button_link=\u00a0\u00bbhttp:\/\/capsurlextreme.com\/blog\/?page_id=94&Prime; background_position=\u00a0\u00bbtop_center\u00a0\u00bb background_size=\u00a0\u00bbcover\u00a0\u00bb background_color=\u00a0\u00bb#ffffff\u00a0\u00bb use_bg_overlay=\u00a0\u00bboff\u00a0\u00bb use_text_overlay=\u00a0\u00bbon\u00a0\u00bb alignment=\u00a0\u00bbcenter\u00a0\u00bb background_layout=\u00a0\u00bbdark\u00a0\u00bb allow_player_pause=\u00a0\u00bboff\u00a0\u00bb text_border_radius=\u00a0\u00bb3&Prime; header_font_select=\u00a0\u00bbdefault\u00a0\u00bb header_font=\u00a0\u00bb||||\u00a0\u00bb body_font_select=\u00a0\u00bbdefault\u00a0\u00bb body_font=\u00a0\u00bb||||\u00a0\u00bb custom_button=\u00a0\u00bboff\u00a0\u00bb button_font_select=\u00a0\u00bbdefault\u00a0\u00bb button_font=\u00a0\u00bb||||\u00a0\u00bb button_use_icon=\u00a0\u00bbdefault\u00a0\u00bb button_icon_placement=\u00a0\u00bbright\u00a0\u00bb button_on_hover=\u00a0\u00bbon\u00a0\u00bb background_image=\u00a0\u00bbhttp:\/\/capsurlextreme.com\/blog\/wp-content\/uploads\/2016\/03\/guides-voyage.jpg\u00a0\u00bb header_text_color=\u00a0\u00bb#ffffff\u00a0\u00bb]<\/p>\n<p>Suivez notre p\u00e9riple de 11 mois autour du monde\u00a0\u00e0 la decouverte de nouveaux paysages !<\/p>\n<p>[\/et_pb_slide] [\/et_pb_slider][\/et_pb_column][\/et_pb_row][\/et_pb_section][et_pb_section admin_label=\u00a0\u00bbSection\u00a0\u00bb fullwidth=\u00a0\u00bboff\u00a0\u00bb specialty=\u00a0\u00bboff\u00a0\u00bb transparent_background=\u00a0\u00bboff\u00a0\u00bb allow_player_pause=\u00a0\u00bboff\u00a0\u00bb inner_shadow=\u00a0\u00bboff\u00a0\u00bb parallax=\u00a0\u00bboff\u00a0\u00bb parallax_method=\u00a0\u00bboff\u00a0\u00bb custom_padding=\u00a0\u00bb10px||10px|\u00a0\u00bb padding_mobile=\u00a0\u00bboff\u00a0\u00bb make_fullwidth=\u00a0\u00bboff\u00a0\u00bb use_custom_width=\u00a0\u00bboff\u00a0\u00bb width_unit=\u00a0\u00bbon\u00a0\u00bb make_equal=\u00a0\u00bboff\u00a0\u00bb use_custom_gutter=\u00a0\u00bboff\u00a0\u00bb][et_pb_row admin_label=\u00a0\u00bbLigne\u00a0\u00bb make_fullwidth=\u00a0\u00bboff\u00a0\u00bb use_custom_width=\u00a0\u00bboff\u00a0\u00bb width_unit=\u00a0\u00bbon\u00a0\u00bb use_custom_gutter=\u00a0\u00bboff\u00a0\u00bb padding_mobile=\u00a0\u00bboff\u00a0\u00bb allow_player_pause=\u00a0\u00bboff\u00a0\u00bb parallax=\u00a0\u00bboff\u00a0\u00bb parallax_method=\u00a0\u00bboff\u00a0\u00bb make_equal=\u00a0\u00bboff\u00a0\u00bb parallax_1=\u00a0\u00bboff\u00a0\u00bb parallax_method_1=\u00a0\u00bboff\u00a0\u00bb parallax_2=\u00a0\u00bboff\u00a0\u00bb parallax_method_2=\u00a0\u00bboff\u00a0\u00bb column_padding_mobile=\u00a0\u00bbon\u00a0\u00bb custom_padding=\u00a0\u00bb5px||5px|\u00a0\u00bb][et_pb_column type=\u00a0\u00bb2_3&Prime;][et_pb_text admin_label=\u00a0\u00bbTexte autres projets\u00a0\u00bb background_layout=\u00a0\u00bblight\u00a0\u00bb text_orientation=\u00a0\u00bbleft\u00a0\u00bb use_border_color=\u00a0\u00bboff\u00a0\u00bb border_color=\u00a0\u00bb#ffffff\u00a0\u00bb border_style=\u00a0\u00bbsolid\u00a0\u00bb custom_margin=\u00a0\u00bb||2px|\u00a0\u00bb]<\/p>\n<p><strong>Cap sur l&rsquo;extr\u00eame, c&rsquo;est aussi de nombreuses autres aventures \u00e0 partager :<\/strong><\/p>\n<ul>\n<li><a href=\"http:\/\/capsurlextreme.com\/Cap_sur_lextreme\/Accueil.html\" target=\"_blank\" rel=\"noopener noreferrer\">Himalaya, la t\u00eate dans les nuages : une exp\u00e9dition dans la plus grande cha\u00eene montagneuse<\/a><\/li>\n<li><a href=\"http:\/\/capsurlextreme.com\/Cap_sur_lextreme\/Oxfam.html\" target=\"_blank\" rel=\"noopener noreferrer\">Oxfam Trailwalker : 100km \u00e0 pied dans le parc du Morvan<\/a><\/li>\n<li><a href=\"http:\/\/capsurlextreme.com\/Cap_sur_lextreme\/Projet_Kamchatka.html\" target=\"_blank\" rel=\"noopener noreferrer\">Kamchatka\u00a0Appats d&rsquo;ours : la grande exp\u00e9dition dans le paradis infernal du Kamchatka<\/a><\/li>\n<\/ul>\n<p>Suivez nos aventures sur <a href=\"https:\/\/www.instagram.com\/capsurlextreme\/\" target=\"_blank\" rel=\"noopener noreferrer\"><strong>instagram<\/strong>\u00a0<\/a>:<\/p>\n<p>[\/et_pb_text][et_pb_code admin_label=\u00a0\u00bbCode instagram feed\u00a0\u00bb]<div id=\"sb_instagram\" class=\"sbi sbi_fixed_height  sbi_col_3\" style=\"width:100%; height:100%; background-color: #ffffff; padding-bottom: 10px; \" data-id=\"1450344304\" data-num=\"3\" data-res=\"thumb\" data-cols=\"3\" data-options='{&quot;sortby&quot;: &quot;none&quot;, &quot;headercolor&quot;: &quot;&quot;, &quot;imagepadding&quot;: &quot;5&quot;}'><div id=\"sbi_images\" style=\"padding: 5px;\"><div class=\"sbi_loader fa-spin\"><\/div><\/div><div id=\"sbi_load\"><a class=\"sbi_load_btn\" href=\"javascript:void(0);\" style=\"\">Load More...<\/a><div class=\"sbi_follow_btn\"><a href=\"http:\/\/instagram.com\/\" style=\"\" target=\"_blank\"><i class=\"fa fa-instagram\"><\/i>Follow on Instagram<\/a><\/div><\/div><\/div><script type=\"text\/javascript\">var sb_instagram_js_options = {\"sb_instagram_at\":\"1450344304.3a81a9f.cacc26fa3ba7447787719dd8a0293893\"};<\/script><script type='text\/javascript' src='https:\/\/capsurlextreme.com\/blog\/wp-content\/plugins\/instagram-feed\/js\/sb-instagram.min.js?ver=1.4.9'><\/script>[\/et_pb_code][\/et_pb_column][et_pb_column type=\u00a0\u00bb1_3&Prime;][et_pb_signup admin_label=\u00a0\u00bbemail Optin\u00a0\u00bb provider=\u00a0\u00bbmailchimp\u00a0\u00bb mailchimp_list=\u00a0\u00bb1b823473c3&Prime; aweber_list=\u00a0\u00bbnone\u00a0\u00bb title=\u00a0\u00bbEnvie de recevoir de nos nouvelles ?\u00a0\u00bb button_text=\u00a0\u00bbJe m&rsquo;inscris\u00a0\u00bb use_background_color=\u00a0\u00bbon\u00a0\u00bb background_color=\u00a0\u00bb#000000&Prime; background_layout=\u00a0\u00bbdark\u00a0\u00bb text_orientation=\u00a0\u00bbleft\u00a0\u00bb form_field_background_color=\u00a0\u00bb#fcfcfc\u00a0\u00bb use_focus_border_color=\u00a0\u00bboff\u00a0\u00bb use_border_color=\u00a0\u00bboff\u00a0\u00bb border_color=\u00a0\u00bb#ffffff\u00a0\u00bb border_style=\u00a0\u00bbsolid\u00a0\u00bb custom_button=\u00a0\u00bbon\u00a0\u00bb button_letter_spacing=\u00a0\u00bb0&Prime; button_use_icon=\u00a0\u00bbon\u00a0\u00bb button_icon_placement=\u00a0\u00bbright\u00a0\u00bb button_on_hover=\u00a0\u00bbon\u00a0\u00bb button_letter_spacing_hover=\u00a0\u00bb0&Prime; header_font_size=\u00a0\u00bb15&Prime; header_line_height=\u00a0\u00bb1em\u00a0\u00bb body_font_size=\u00a0\u00bb13&Prime; body_line_height=\u00a0\u00bb1em\u00a0\u00bb custom_margin=\u00a0\u00bb10px||10px|\u00a0\u00bb button_icon=\u00a0\u00bb%%36%%\u00a0\u00bb button_bg_color_hover=\u00a0\u00bb#000000&Prime; button_text_size=\u00a0\u00bb15&Prime; button_border_width=\u00a0\u00bb1&Prime; header_font=\u00a0\u00bb|on|||\u00a0\u00bb button_font=\u00a0\u00bb|on|||\u00a0\u00bb]<\/p>\n<p>Incrivez-vous\u00a0\u00e0 notre newsletter :<\/p>\n<p>[\/et_pb_signup][et_pb_social_media_follow admin_label=\u00a0\u00bbR\u00e9seaux sociaux\u00a0\u00bb link_shape=\u00a0\u00bbcircle\u00a0\u00bb background_layout=\u00a0\u00bblight\u00a0\u00bb url_new_window=\u00a0\u00bbon\u00a0\u00bb follow_button=\u00a0\u00bboff\u00a0\u00bb] [et_pb_social_media_follow_network social_network=\u00a0\u00bbinstagram\u00a0\u00bb url=\u00a0\u00bbhttps:\/\/www.instagram.com\/capsurlextreme\/\u00a0\u00bb skype_action=\u00a0\u00bbcall\u00a0\u00bb bg_color=\u00a0\u00bb#000000&Prime;] Instagram [\/et_pb_social_media_follow_network][et_pb_social_media_follow_network social_network=\u00a0\u00bbfacebook\u00a0\u00bb url=\u00a0\u00bbhttps:\/\/www.facebook.com\/Capsurlextreme\/\u00a0\u00bb skype_action=\u00a0\u00bbcall\u00a0\u00bb bg_color=\u00a0\u00bb#3b5998&Prime;] Facebook [\/et_pb_social_media_follow_network][et_pb_social_media_follow_network social_network=\u00a0\u00bbtwitter\u00a0\u00bb url=\u00a0\u00bbhttps:\/\/twitter.com\/capsurlextreme\u00a0\u00bb skype_action=\u00a0\u00bbcall\u00a0\u00bb bg_color=\u00a0\u00bb#00aced\u00a0\u00bb] Twitter [\/et_pb_social_media_follow_network][et_pb_social_media_follow_network social_network=\u00a0\u00bbvimeo\u00a0\u00bb url=\u00a0\u00bbhttps:\/\/vimeo.com\/capsurlextreme\u00a0\u00bb skype_action=\u00a0\u00bbcall\u00a0\u00bb bg_color=\u00a0\u00bb#45bbff\u00a0\u00bb] Vimeo [\/et_pb_social_media_follow_network] [\/et_pb_social_media_follow][\/et_pb_column][\/et_pb_row][et_pb_row admin_label=\u00a0\u00bbLigne\u00a0\u00bb][et_pb_column type=\u00a0\u00bb4_4&Prime;][\/et_pb_column][\/et_pb_row][\/et_pb_section]<\/p>\n","protected":false},"excerpt":{"rendered":"<p>[et_pb_section admin_label=\u00a0\u00bbsection\u00a0\u00bb transparent_background=\u00a0\u00bboff\u00a0\u00bb allow_player_pause=\u00a0\u00bboff\u00a0\u00bb inner_shadow=\u00a0\u00bboff\u00a0\u00bb parallax=\u00a0\u00bboff\u00a0\u00bb parallax_method=\u00a0\u00bboff\u00a0\u00bb custom_padding=\u00a0\u00bb10px||10px|\u00a0\u00bb padding_mobile=\u00a0\u00bboff\u00a0\u00bb make_fullwidth=\u00a0\u00bboff\u00a0\u00bb use_custom_width=\u00a0\u00bboff\u00a0\u00bb width_unit=\u00a0\u00bbon\u00a0\u00bb make_equal=\u00a0\u00bboff\u00a0\u00bb use_custom_gutter=\u00a0\u00bboff\u00a0\u00bb][et_pb_row admin_label=\u00a0\u00bbrow\u00a0\u00bb make_fullwidth=\u00a0\u00bboff\u00a0\u00bb use_custom_width=\u00a0\u00bboff\u00a0\u00bb width_unit=\u00a0\u00bbon\u00a0\u00bb use_custom_gutter=\u00a0\u00bboff\u00a0\u00bb padding_mobile=\u00a0\u00bboff\u00a0\u00bb allow_player_pause=\u00a0\u00bboff\u00a0\u00bb parallax=\u00a0\u00bboff\u00a0\u00bb parallax_method=\u00a0\u00bboff\u00a0\u00bb make_equal=\u00a0\u00bboff\u00a0\u00bb parallax_1=\u00a0\u00bboff\u00a0\u00bb parallax_method_1=\u00a0\u00bboff\u00a0\u00bb column_padding_mobile=\u00a0\u00bbon\u00a0\u00bb custom_padding=\u00a0\u00bb5px||5px|\u00a0\u00bb][et_pb_column type=\u00a0\u00bb4_4&Prime;][et_pb_image admin_label=\u00a0\u00bbImage logo grande vadrouille\u00a0\u00bb src=\u00a0\u00bbhttp:\/\/capsurlextreme.com\/blog\/wp-content\/uploads\/2016\/03\/logo-la-grande-vadrouille-alone.png\u00a0\u00bb alt=\u00a0\u00bbLa grande vadrouille\u00a0\u00bb show_in_lightbox=\u00a0\u00bboff\u00a0\u00bb url_new_window=\u00a0\u00bboff\u00a0\u00bb use_overlay=\u00a0\u00bboff\u00a0\u00bb animation=\u00a0\u00bboff\u00a0\u00bb sticky=\u00a0\u00bbon\u00a0\u00bb align=\u00a0\u00bbcenter\u00a0\u00bb force_fullwidth=\u00a0\u00bboff\u00a0\u00bb always_center_on_mobile=\u00a0\u00bbon\u00a0\u00bb use_border_color=\u00a0\u00bboff\u00a0\u00bb border_color=\u00a0\u00bb#ffffff\u00a0\u00bb border_style=\u00a0\u00bbsolid\u00a0\u00bb title_text=\u00a0\u00bbLa grande vadrouille\u00a0\u00bb] [\/et_pb_image][et_pb_slider admin_label=\u00a0\u00bbSlider\u00a0\u00bb show_arrows=\u00a0\u00bbon\u00a0\u00bb show_pagination=\u00a0\u00bbon\u00a0\u00bb [&hellip;]<\/p>\n","protected":false},"author":1,"featured_media":0,"parent":0,"menu_order":0,"comment_status":"open","ping_status":"open","template":"","meta":[],"_links":{"self":[{"href":"https:\/\/capsurlextreme.com\/blog\/index.php?rest_route=\/wp\/v2\/pages\/47"}],"collection":[{"href":"https:\/\/capsurlextreme.com\/blog\/index.php?rest_route=\/wp\/v2\/pages"}],"about":[{"href":"https:\/\/capsurlextreme.com\/blog\/index.php?rest_route=\/wp\/v2\/types\/page"}],"author":[{"embeddable":true,"href":"https:\/\/capsurlextreme.com\/blog\/index.php?rest_route=\/wp\/v2\/users\/1"}],"replies":[{"embeddable":true,"href":"https:\/\/capsurlextreme.com\/blog\/index.php?rest_route=%2Fwp%2Fv2%2Fcomments&post=47"}],"version-history":[{"count":72,"href":"https:\/\/capsurlextreme.com\/blog\/index.php?rest_route=\/wp\/v2\/pages\/47\/revisions"}],"predecessor-version":[{"id":1607,"href":"https:\/\/capsurlextreme.com\/blog\/index.php?rest_route=\/wp\/v2\/pages\/47\/revisions\/1607"}],"wp:attachment":[{"href":"https:\/\/capsurlextreme.com\/blog\/index.php?rest_route=%2Fwp%2Fv2%2Fmedia&parent=47"}],"curies":[{"name":"wp","href":"https:\/\/api.w.org\/{rel}","templated":true}]}}