{"id":211,"date":"2016-02-22T01:32:03","date_gmt":"2016-02-22T00:32:03","guid":{"rendered":"http:\/\/capsurlextreme.com\/blog\/?page_id=211"},"modified":"2017-08-21T23:43:38","modified_gmt":"2017-08-21T22:43:38","slug":"a-propos","status":"publish","type":"page","link":"https:\/\/capsurlextreme.com\/blog\/?page_id=211","title":{"rendered":"La Grande Vadrouille"},"content":{"rendered":"<p>[et_pb_section admin_label=\u00a0\u00bbsection\u00a0\u00bb][et_pb_row admin_label=\u00a0\u00bbLigne\u00a0\u00bb][et_pb_column type=\u00a0\u00bb4_4&Prime;][et_pb_image admin_label=\u00a0\u00bblogo grande vadrouille\u00a0\u00bb src=\u00a0\u00bbhttp:\/\/capsurlextreme.com\/blog\/wp-content\/uploads\/2016\/03\/logo-la-grande-vadrouille-alone.png\u00a0\u00bb alt=\u00a0\u00bbLa grande vadrouille\u00a0\u00bb show_in_lightbox=\u00a0\u00bboff\u00a0\u00bb url_new_window=\u00a0\u00bboff\u00a0\u00bb use_overlay=\u00a0\u00bboff\u00a0\u00bb animation=\u00a0\u00bbfade_in\u00a0\u00bb sticky=\u00a0\u00bboff\u00a0\u00bb align=\u00a0\u00bbcenter\u00a0\u00bb force_fullwidth=\u00a0\u00bboff\u00a0\u00bb always_center_on_mobile=\u00a0\u00bbon\u00a0\u00bb use_border_color=\u00a0\u00bboff\u00a0\u00bb border_color=\u00a0\u00bb#ffffff\u00a0\u00bb border_style=\u00a0\u00bbsolid\u00a0\u00bb] [\/et_pb_image][et_pb_text admin_label=\u00a0\u00bbTexte &#8211; refonte\u00a0\u00bb background_layout=\u00a0\u00bblight\u00a0\u00bb text_orientation=\u00a0\u00bbleft\u00a0\u00bb use_border_color=\u00a0\u00bboff\u00a0\u00bb border_color=\u00a0\u00bb#ffffff\u00a0\u00bb border_style=\u00a0\u00bbsolid\u00a0\u00bb]<\/p>\n<p>La Grande Vadrouille, c&rsquo;est\u00a0le p\u00e9riple de Marianne et Edwyn partis 11 mois autour du monde.\u00a0Rendez-vous dans le carnet de route pour d\u00e9couvrir quelques photos et anecdotes de cette aventure\u00a0dans l&rsquo;h\u00e9misph\u00e8re sud.<\/p>\n<p>[\/et_pb_text][\/et_pb_column][\/et_pb_row][et_pb_row admin_label=\u00a0\u00bbLigne\u00a0\u00bb][et_pb_column type=\u00a0\u00bb2_3&Prime;][et_pb_text admin_label=\u00a0\u00bbTexte et pourquoi pas\u00a0\u00bb background_layout=\u00a0\u00bblight\u00a0\u00bb text_orientation=\u00a0\u00bbleft\u00a0\u00bb use_border_color=\u00a0\u00bboff\u00a0\u00bb border_color=\u00a0\u00bb#ffffff\u00a0\u00bb border_style=\u00a0\u00bbsolid\u00a0\u00bb]<\/p>\n<p><strong>Et pourquoi pas ?<\/strong><\/p>\n<p>Sauter en parachute, plonger sur la grande barri\u00e8re de corail, courir un marathon, galoper \u00e0 travers la steppe du Kazakhstan, gravir un 6000 m\u00e8tres, naviguer dans le delta d&rsquo;Okawango, finir un Ironman, voler en parapente, nager avec un requin baleine&#8230; La liste est longue et on pourrait continuer longtemps ! Il y a tellement de choses qu&rsquo;on aimerait faire, d&rsquo;endroits qu&rsquo;on voudrait d\u00e9couvrir et sans s&rsquo;en rendre compte on est embarqu\u00e9 dans la vie active et les ann\u00e9es passent en un claquement de doigts. On a pourtant bien avanc\u00e9 cette liste derni\u00e8rement mais il y avait encore ce projet de faire un tour du monde avant nos 30 ans qui trainait dans un coin de nos t\u00eates ! Apr\u00e8s presque 6 ans de vie active et l&rsquo;ann\u00e9e de nos 30 ans on s&rsquo;est dit qu&rsquo;il n&rsquo;\u00e9tait pas trop tard pour se lancer dans cette aventure ! Nos derniers p\u00e9riples nous ont mis l&rsquo;eau \u00e0 la bouche et en lisant tous ces blogs de voyage on a d\u00e9cid\u00e9 un peu spontan\u00e9ment de se lancer. \u00c0 peine 4 mois plus tard on prenait un vol pour Buenos Aires pour partir \u00e0 la d\u00e9couverte d&rsquo;une partie de l&rsquo;Am\u00e9rique du Sud ! On se dit souvent que c&rsquo;est le genre de voyage qui se pr\u00e9pare des mois ou ann\u00e9es \u00e0 l&rsquo;avance mais le plus important c&rsquo;est de se lancer et le reste se fait au fur et \u00e0 mesure. On passe par des phases de stress o\u00f9 on se rend compte de tout ce qu&rsquo;il y a \u00e0 pr\u00e9parer puis d&rsquo;autres moments o\u00f9 on se dit que \u00e7a va le faire et que c&rsquo;est pas grave si tout n&rsquo;est pas calcul\u00e9 et planifi\u00e9 \u00e0 l&rsquo;avance.<\/p>\n<p>[\/et_pb_text][\/et_pb_column][et_pb_column type=\u00a0\u00bb1_3&Prime;][et_pb_image admin_label=\u00a0\u00bbImage guides\u00a0\u00bb src=\u00a0\u00bbhttp:\/\/capsurlextreme.com\/blog\/wp-content\/uploads\/2016\/03\/guides-voyage.jpg\u00a0\u00bb show_in_lightbox=\u00a0\u00bboff\u00a0\u00bb url_new_window=\u00a0\u00bboff\u00a0\u00bb use_overlay=\u00a0\u00bboff\u00a0\u00bb animation=\u00a0\u00bbright\u00a0\u00bb sticky=\u00a0\u00bboff\u00a0\u00bb align=\u00a0\u00bbcenter\u00a0\u00bb force_fullwidth=\u00a0\u00bboff\u00a0\u00bb always_center_on_mobile=\u00a0\u00bbon\u00a0\u00bb use_border_color=\u00a0\u00bboff\u00a0\u00bb border_color=\u00a0\u00bb#ffffff\u00a0\u00bb border_style=\u00a0\u00bbsolid\u00a0\u00bb] [\/et_pb_image][\/et_pb_column][\/et_pb_row][et_pb_row admin_label=\u00a0\u00bbLigne\u00a0\u00bb][et_pb_column type=\u00a0\u00bb4_4&Prime;][et_pb_text admin_label=\u00a0\u00bbTexte itin\u00e9raire\u00a0\u00bb background_layout=\u00a0\u00bblight\u00a0\u00bb text_orientation=\u00a0\u00bbleft\u00a0\u00bb use_border_color=\u00a0\u00bboff\u00a0\u00bb border_color=\u00a0\u00bb#ffffff\u00a0\u00bb border_style=\u00a0\u00bbsolid\u00a0\u00bb]<\/p>\n<p>On a donc d\u00e9cid\u00e9 de d\u00e9couper en deux ces 11 mois de cong\u00e9 sabbatique en commen\u00e7ant par 4 mois en Am\u00e9rique du sud avant de repasser en France pour un mariage d\u00e9j\u00e0 pr\u00e9vu de longue date ! Trois petites semaines en France pour faire le plein de saucisson, fromage et boire des verres avec les amis actifs et la famille pour ensuite s&rsquo;envoler de \u00ab\u00a0l&rsquo;autre c\u00f4t\u00e9\u00a0\u00bb pour une dose d&rsquo;Oc\u00e9anie et d&rsquo;Asie du Sud-Est. C&rsquo;est donc techniquement 2 allers &#8211; retours et pas un tour du monde mais on dira que c&rsquo;est presque pareil, hein ?! Le petit break en France nous permet \u00e9galement de s&rsquo;attaquer plus tranquillement \u00e0 la premi\u00e8re partie d\u00e9j\u00e0 bien pr\u00e9par\u00e9e par Marianne avant de d\u00e9poser le mat\u00e9riel de camping et les v\u00eatements chauds moins utiles pour la seconde partie du p\u00e9riple.<\/p>\n<p>Voici une carte de notre itin\u00e9raire :<\/p>\n<p>[\/et_pb_text][et_pb_text admin_label=\u00a0\u00bbtravelmap\u00a0\u00bb background_layout=\u00a0\u00bblight\u00a0\u00bb text_orientation=\u00a0\u00bbcenter\u00a0\u00bb use_border_color=\u00a0\u00bboff\u00a0\u00bb border_color=\u00a0\u00bb#ffffff\u00a0\u00bb border_style=\u00a0\u00bbsolid\u00a0\u00bb]<\/p>\n<p><!-- TravelMap --><br \/>\n <iframe style=\"max-width: 100%;\" src=\"http:\/\/maed.travelmap.fr\" width=\"1200\" height=\"640\" frameborder=\"0\" allowfullscreen=\"allowfullscreen\"><br \/>\n<\/iframe><\/p>\n<p>[\/et_pb_text][\/et_pb_column][\/et_pb_row][et_pb_row admin_label=\u00a0\u00bbrow\u00a0\u00bb][et_pb_column type=\u00a0\u00bb4_4&Prime;][\/et_pb_column][\/et_pb_row][\/et_pb_section]<\/p>\n","protected":false},"excerpt":{"rendered":"<p>[et_pb_section admin_label=\u00a0\u00bbsection\u00a0\u00bb][et_pb_row admin_label=\u00a0\u00bbLigne\u00a0\u00bb][et_pb_column type=\u00a0\u00bb4_4&Prime;][et_pb_image admin_label=\u00a0\u00bblogo grande vadrouille\u00a0\u00bb src=\u00a0\u00bbhttp:\/\/capsurlextreme.com\/blog\/wp-content\/uploads\/2016\/03\/logo-la-grande-vadrouille-alone.png\u00a0\u00bb alt=\u00a0\u00bbLa grande vadrouille\u00a0\u00bb show_in_lightbox=\u00a0\u00bboff\u00a0\u00bb url_new_window=\u00a0\u00bboff\u00a0\u00bb use_overlay=\u00a0\u00bboff\u00a0\u00bb animation=\u00a0\u00bbfade_in\u00a0\u00bb sticky=\u00a0\u00bboff\u00a0\u00bb align=\u00a0\u00bbcenter\u00a0\u00bb force_fullwidth=\u00a0\u00bboff\u00a0\u00bb always_center_on_mobile=\u00a0\u00bbon\u00a0\u00bb use_border_color=\u00a0\u00bboff\u00a0\u00bb border_color=\u00a0\u00bb#ffffff\u00a0\u00bb border_style=\u00a0\u00bbsolid\u00a0\u00bb] [\/et_pb_image][et_pb_text admin_label=\u00a0\u00bbTexte &#8211; refonte\u00a0\u00bb background_layout=\u00a0\u00bblight\u00a0\u00bb text_orientation=\u00a0\u00bbleft\u00a0\u00bb use_border_color=\u00a0\u00bboff\u00a0\u00bb border_color=\u00a0\u00bb#ffffff\u00a0\u00bb border_style=\u00a0\u00bbsolid\u00a0\u00bb] La Grande Vadrouille, c&rsquo;est\u00a0le p\u00e9riple de Marianne et Edwyn partis 11 mois autour du monde.\u00a0Rendez-vous dans le carnet de route pour d\u00e9couvrir quelques photos [&hellip;]<\/p>\n","protected":false},"author":1,"featured_media":0,"parent":1520,"menu_order":0,"comment_status":"closed","ping_status":"closed","template":"","meta":[],"_links":{"self":[{"href":"https:\/\/capsurlextreme.com\/blog\/index.php?rest_route=\/wp\/v2\/pages\/211"}],"collection":[{"href":"https:\/\/capsurlextreme.com\/blog\/index.php?rest_route=\/wp\/v2\/pages"}],"about":[{"href":"https:\/\/capsurlextreme.com\/blog\/index.php?rest_route=\/wp\/v2\/types\/page"}],"author":[{"embeddable":true,"href":"https:\/\/capsurlextreme.com\/blog\/index.php?rest_route=\/wp\/v2\/users\/1"}],"replies":[{"embeddable":true,"href":"https:\/\/capsurlextreme.com\/blog\/index.php?rest_route=%2Fwp%2Fv2%2Fcomments&post=211"}],"version-history":[{"count":17,"href":"https:\/\/capsurlextreme.com\/blog\/index.php?rest_route=\/wp\/v2\/pages\/211\/revisions"}],"predecessor-version":[{"id":1618,"href":"https:\/\/capsurlextreme.com\/blog\/index.php?rest_route=\/wp\/v2\/pages\/211\/revisions\/1618"}],"up":[{"embeddable":true,"href":"https:\/\/capsurlextreme.com\/blog\/index.php?rest_route=\/wp\/v2\/pages\/1520"}],"wp:attachment":[{"href":"https:\/\/capsurlextreme.com\/blog\/index.php?rest_route=%2Fwp%2Fv2%2Fmedia&parent=211"}],"curies":[{"name":"wp","href":"https:\/\/api.w.org\/{rel}","templated":true}]}}