{"id":1577,"date":"2017-08-21T23:04:11","date_gmt":"2017-08-21T22:04:11","guid":{"rendered":"http:\/\/capsurlextreme.com\/blog\/?page_id=1577"},"modified":"2017-08-21T23:29:21","modified_gmt":"2017-08-21T22:29:21","slug":"himalaya","status":"publish","type":"page","link":"https:\/\/capsurlextreme.com\/blog\/?page_id=1577","title":{"rendered":"Himalaya Beyond Clouds"},"content":{"rendered":"<p>[et_pb_section admin_label=\u00a0\u00bbsection\u00a0\u00bb][et_pb_row admin_label=\u00a0\u00bbrow\u00a0\u00bb][et_pb_column type=\u00a0\u00bb2_3&Prime;][et_pb_text admin_label=\u00a0\u00bbTexte\u00a0\u00bb background_layout=\u00a0\u00bblight\u00a0\u00bb text_orientation=\u00a0\u00bbleft\u00a0\u00bb use_border_color=\u00a0\u00bboff\u00a0\u00bb border_color=\u00a0\u00bb#ffffff\u00a0\u00bb border_style=\u00a0\u00bbsolid\u00a0\u00bb]<\/p>\n<p class=\"paragraph_style_7\"><strong><span class=\"style_6\">Himalaya beyond Clouds : on remet \u00e7a ?<\/span><\/strong><\/p>\n<p class=\"paragraph_style_8\">Pourquoi attendre \u00e0 nouveau si longtemps pour repartir \u00e0 nouveau \u00e0 l\u2019aventure ? Ces 100 km de marche nous ont donn\u00e9 du fil \u00e0 retordre mais \u00e9galement de la motivation pour s\u2019engager dans un autre projet un peu fou propos\u00e9 par Thibaut qui s\u2019est expatri\u00e9 en Inde \u00e0 Delhi : un <strong>trek de presque 200 km<\/strong> en autonomie compl\u00e8te \u00e0 la conqu\u00eate de la plus haute cha\u00eene montagneuse du monde ! Comme toute aventure, le programme aura \u00e9volu\u00e9 en cours de route pour une sombre histoire de moraine&#8230;\u00a0<\/p>\n<p class=\"paragraph_style_8\">Voici n\u00e9anmoins le r\u00e9sum\u00e9 en image de ces 2 semaines intenses perdues dans cette magnifique r\u00e9gion du monde !<\/p>\n<p>[\/et_pb_text][et_pb_video admin_label=\u00a0\u00bbVid\u00e9o\u00a0\u00bb src=\u00a0\u00bbhttps:\/\/vimeo.com\/81885084&Prime; \/][et_pb_text admin_label=\u00a0\u00bbTexte\u00a0\u00bb background_layout=\u00a0\u00bblight\u00a0\u00bb text_orientation=\u00a0\u00bbleft\u00a0\u00bb use_border_color=\u00a0\u00bboff\u00a0\u00bb border_color=\u00a0\u00bb#ffffff\u00a0\u00bb border_style=\u00a0\u00bbsolid\u00a0\u00bb]<\/p>\n<p>Pour aller un peu plus loin, d\u00e9couvrez les photos de l&rsquo;exp\u00e9dition :<\/p>\n<p>[\/et_pb_text][et_pb_code admin_label=\u00a0\u00bbCode album flickr\u00a0\u00bb]<!-- Flickr Justified Gallery Wordpress Plugin by Miro Mannino -->\n<div id=\"flickrGal0\" class=\"justified-gallery\" ><a href=\"https:\/\/live.staticflickr.com\/3873\/15230257381_5331e3784e_b.jpg\" rel=\"flickrGal0\" title=\"\"><img alt=\"\" src=\"https:\/\/farm4.static.flickr.com\/3873\/15230257381_5331e3784e_m.jpg\" data-safe-src=\"https:\/\/farm4.static.flickr.com\/3873\/15230257381_5331e3784e_m.jpg\" \/><\/a><a href=\"https:\/\/live.staticflickr.com\/5570\/15046652330_6c1488e529_b.jpg\" rel=\"flickrGal0\" title=\"\"><img alt=\"\" src=\"https:\/\/farm6.static.flickr.com\/5570\/15046652330_6c1488e529_m.jpg\" data-safe-src=\"https:\/\/farm6.static.flickr.com\/5570\/15046652330_6c1488e529_m.jpg\" \/><\/a><a href=\"https:\/\/live.staticflickr.com\/2868\/9986276544_642761edc5_b.jpg\" rel=\"flickrGal0\" title=\"\"><img alt=\"\" src=\"https:\/\/farm3.static.flickr.com\/2868\/9986276544_642761edc5_m.jpg\" data-safe-src=\"https:\/\/farm3.static.flickr.com\/2868\/9986276544_642761edc5_m.jpg\" \/><\/a><a href=\"https:\/\/live.staticflickr.com\/3787\/9986234054_978e04a3cc_b.jpg\" rel=\"flickrGal0\" title=\"\"><img alt=\"\" src=\"https:\/\/farm4.static.flickr.com\/3787\/9986234054_978e04a3cc_m.jpg\" data-safe-src=\"https:\/\/farm4.static.flickr.com\/3787\/9986234054_978e04a3cc_m.jpg\" \/><\/a><a href=\"https:\/\/live.staticflickr.com\/7443\/9986209585_4054babdd2_b.jpg\" rel=\"flickrGal0\" title=\"\"><img alt=\"\" src=\"https:\/\/farm8.static.flickr.com\/7443\/9986209585_4054babdd2_m.jpg\" data-safe-src=\"https:\/\/farm8.static.flickr.com\/7443\/9986209585_4054babdd2_m.jpg\" \/><\/a><a href=\"https:\/\/live.staticflickr.com\/7370\/9986267746_915960729d_b.jpg\" rel=\"flickrGal0\" title=\"\"><img alt=\"\" src=\"https:\/\/farm8.static.flickr.com\/7370\/9986267746_915960729d_m.jpg\" data-safe-src=\"https:\/\/farm8.static.flickr.com\/7370\/9986267746_915960729d_m.jpg\" \/><\/a><a href=\"https:\/\/live.staticflickr.com\/7323\/9986262956_1274157552_b.jpg\" rel=\"flickrGal0\" title=\"\"><img alt=\"\" src=\"https:\/\/farm8.static.flickr.com\/7323\/9986262956_1274157552_m.jpg\" data-safe-src=\"https:\/\/farm8.static.flickr.com\/7323\/9986262956_1274157552_m.jpg\" \/><\/a><a href=\"https:\/\/live.staticflickr.com\/2892\/9946246216_5e9c0c1c76_b.jpg\" rel=\"flickrGal0\" title=\"\"><img alt=\"\" src=\"https:\/\/farm3.static.flickr.com\/2892\/9946246216_5e9c0c1c76_m.jpg\" data-safe-src=\"https:\/\/farm3.static.flickr.com\/2892\/9946246216_5e9c0c1c76_m.jpg\" \/><\/a><a href=\"https:\/\/live.staticflickr.com\/2880\/9946226195_da26017384_b.jpg\" rel=\"flickrGal0\" title=\"\"><img alt=\"\" src=\"https:\/\/farm3.static.flickr.com\/2880\/9946226195_da26017384_m.jpg\" data-safe-src=\"https:\/\/farm3.static.flickr.com\/2880\/9946226195_da26017384_m.jpg\" \/><\/a><a href=\"https:\/\/live.staticflickr.com\/7389\/9946219395_d3705637b1_b.jpg\" rel=\"flickrGal0\" title=\"\"><img alt=\"\" src=\"https:\/\/farm8.static.flickr.com\/7389\/9946219395_d3705637b1_m.jpg\" data-safe-src=\"https:\/\/farm8.static.flickr.com\/7389\/9946219395_d3705637b1_m.jpg\" \/><\/a><a href=\"https:\/\/live.staticflickr.com\/5459\/9946217735_d07cf76020_b.jpg\" rel=\"flickrGal0\" title=\"\"><img alt=\"\" src=\"https:\/\/farm6.static.flickr.com\/5459\/9946217735_d07cf76020_m.jpg\" data-safe-src=\"https:\/\/farm6.static.flickr.com\/5459\/9946217735_d07cf76020_m.jpg\" \/><\/a><a href=\"https:\/\/live.staticflickr.com\/7357\/9946240854_289364c5d2_b.jpg\" rel=\"flickrGal0\" title=\"\"><img alt=\"\" src=\"https:\/\/farm8.static.flickr.com\/7357\/9946240854_289364c5d2_m.jpg\" data-safe-src=\"https:\/\/farm8.static.flickr.com\/7357\/9946240854_289364c5d2_m.jpg\" \/><\/a><a href=\"https:\/\/live.staticflickr.com\/2835\/9946239614_51f26cb142_b.jpg\" rel=\"flickrGal0\" title=\"\"><img alt=\"\" src=\"https:\/\/farm3.static.flickr.com\/2835\/9946239614_51f26cb142_m.jpg\" data-safe-src=\"https:\/\/farm3.static.flickr.com\/2835\/9946239614_51f26cb142_m.jpg\" \/><\/a><a href=\"https:\/\/live.staticflickr.com\/2864\/9946225474_5f2fe8fb3d_b.jpg\" rel=\"flickrGal0\" title=\"\"><img alt=\"\" src=\"https:\/\/farm3.static.flickr.com\/2864\/9946225474_5f2fe8fb3d_m.jpg\" data-safe-src=\"https:\/\/farm3.static.flickr.com\/2864\/9946225474_5f2fe8fb3d_m.jpg\" \/><\/a><a href=\"https:\/\/live.staticflickr.com\/3748\/9946223884_a632e96e5b_b.jpg\" rel=\"flickrGal0\" title=\"\"><img alt=\"\" src=\"https:\/\/farm4.static.flickr.com\/3748\/9946223884_a632e96e5b_m.jpg\" data-safe-src=\"https:\/\/farm4.static.flickr.com\/3748\/9946223884_a632e96e5b_m.jpg\" \/><\/a><a href=\"https:\/\/live.staticflickr.com\/7447\/9946193445_bb47a32237_b.jpg\" rel=\"flickrGal0\" title=\"\"><img alt=\"\" src=\"https:\/\/farm8.static.flickr.com\/7447\/9946193445_bb47a32237_m.jpg\" data-safe-src=\"https:\/\/farm8.static.flickr.com\/7447\/9946193445_bb47a32237_m.jpg\" \/><\/a><a href=\"https:\/\/live.staticflickr.com\/5510\/9946189995_a2f1029690_b.jpg\" rel=\"flickrGal0\" title=\"\"><img alt=\"\" src=\"https:\/\/farm6.static.flickr.com\/5510\/9946189995_a2f1029690_m.jpg\" data-safe-src=\"https:\/\/farm6.static.flickr.com\/5510\/9946189995_a2f1029690_m.jpg\" \/><\/a><a href=\"https:\/\/live.staticflickr.com\/3775\/9946214994_e14201027a_b.jpg\" rel=\"flickrGal0\" title=\"\"><img alt=\"\" src=\"https:\/\/farm4.static.flickr.com\/3775\/9946214994_e14201027a_m.jpg\" data-safe-src=\"https:\/\/farm4.static.flickr.com\/3775\/9946214994_e14201027a_m.jpg\" \/><\/a><a href=\"https:\/\/live.staticflickr.com\/5549\/9946297633_6d0f3e0251_b.jpg\" rel=\"flickrGal0\" title=\"\"><img alt=\"\" src=\"https:\/\/farm6.static.flickr.com\/5549\/9946297633_6d0f3e0251_m.jpg\" data-safe-src=\"https:\/\/farm6.static.flickr.com\/5549\/9946297633_6d0f3e0251_m.jpg\" \/><\/a><a href=\"https:\/\/live.staticflickr.com\/7460\/9946200944_d13d2d6f8f_b.jpg\" rel=\"flickrGal0\" title=\"\"><img alt=\"\" src=\"https:\/\/farm8.static.flickr.com\/7460\/9946200944_d13d2d6f8f_m.jpg\" data-safe-src=\"https:\/\/farm8.static.flickr.com\/7460\/9946200944_d13d2d6f8f_m.jpg\" \/><\/a><a href=\"https:\/\/live.staticflickr.com\/3714\/9946294373_cafbc1fab4_b.jpg\" rel=\"flickrGal0\" title=\"\"><img alt=\"\" src=\"https:\/\/farm4.static.flickr.com\/3714\/9946294373_cafbc1fab4_m.jpg\" data-safe-src=\"https:\/\/farm4.static.flickr.com\/3714\/9946294373_cafbc1fab4_m.jpg\" \/><\/a><a href=\"https:\/\/live.staticflickr.com\/2864\/9946167215_def0b36553_b.jpg\" rel=\"flickrGal0\" title=\"\"><img alt=\"\" src=\"https:\/\/farm3.static.flickr.com\/2864\/9946167215_def0b36553_m.jpg\" data-safe-src=\"https:\/\/farm3.static.flickr.com\/2864\/9946167215_def0b36553_m.jpg\" \/><\/a><a href=\"https:\/\/live.staticflickr.com\/3720\/9946180946_a6c73b05f6_b.jpg\" rel=\"flickrGal0\" title=\"\"><img alt=\"\" src=\"https:\/\/farm4.static.flickr.com\/3720\/9946180946_a6c73b05f6_m.jpg\" data-safe-src=\"https:\/\/farm4.static.flickr.com\/3720\/9946180946_a6c73b05f6_m.jpg\" \/><\/a><a href=\"https:\/\/live.staticflickr.com\/5478\/9946163905_c76117e0c3_b.jpg\" rel=\"flickrGal0\" title=\"\"><img alt=\"\" src=\"https:\/\/farm6.static.flickr.com\/5478\/9946163905_c76117e0c3_m.jpg\" data-safe-src=\"https:\/\/farm6.static.flickr.com\/5478\/9946163905_c76117e0c3_m.jpg\" \/><\/a><a href=\"https:\/\/live.staticflickr.com\/5514\/9946160555_ba49c3df37_b.jpg\" rel=\"flickrGal0\" title=\"\"><img alt=\"\" src=\"https:\/\/farm6.static.flickr.com\/5514\/9946160555_ba49c3df37_m.jpg\" data-safe-src=\"https:\/\/farm6.static.flickr.com\/5514\/9946160555_ba49c3df37_m.jpg\" \/><\/a><a href=\"https:\/\/live.staticflickr.com\/3818\/9942412954_01588aeafa_b.jpg\" rel=\"flickrGal0\" title=\"\"><img alt=\"\" src=\"https:\/\/farm4.static.flickr.com\/3818\/9942412954_01588aeafa_m.jpg\" data-safe-src=\"https:\/\/farm4.static.flickr.com\/3818\/9942412954_01588aeafa_m.jpg\" \/><\/a><a href=\"https:\/\/live.staticflickr.com\/5500\/9941119543_570369b5a3_b.jpg\" rel=\"flickrGal0\" title=\"\"><img alt=\"\" src=\"https:\/\/farm6.static.flickr.com\/5500\/9941119543_570369b5a3_m.jpg\" data-safe-src=\"https:\/\/farm6.static.flickr.com\/5500\/9941119543_570369b5a3_m.jpg\" \/><\/a><a href=\"https:\/\/live.staticflickr.com\/7331\/9941022414_496f804582_b.jpg\" rel=\"flickrGal0\" title=\"\"><img alt=\"\" src=\"https:\/\/farm8.static.flickr.com\/7331\/9941022414_496f804582_m.jpg\" data-safe-src=\"https:\/\/farm8.static.flickr.com\/7331\/9941022414_496f804582_m.jpg\" \/><\/a><a href=\"https:\/\/live.staticflickr.com\/3787\/9941017164_77f825a316_b.jpg\" rel=\"flickrGal0\" title=\"\"><img alt=\"\" src=\"https:\/\/farm4.static.flickr.com\/3787\/9941017164_77f825a316_m.jpg\" data-safe-src=\"https:\/\/farm4.static.flickr.com\/3787\/9941017164_77f825a316_m.jpg\" \/><\/a><a href=\"https:\/\/live.staticflickr.com\/2870\/9941110553_fbc7196a16_b.jpg\" rel=\"flickrGal0\" title=\"\"><img alt=\"\" src=\"https:\/\/farm3.static.flickr.com\/2870\/9941110553_fbc7196a16_m.jpg\" data-safe-src=\"https:\/\/farm3.static.flickr.com\/2870\/9941110553_fbc7196a16_m.jpg\" \/><\/a><a href=\"https:\/\/live.staticflickr.com\/2866\/9940985476_64f7be6d36_b.jpg\" rel=\"flickrGal0\" title=\"\"><img alt=\"\" src=\"https:\/\/farm3.static.flickr.com\/2866\/9940985476_64f7be6d36_m.jpg\" data-safe-src=\"https:\/\/farm3.static.flickr.com\/2866\/9940985476_64f7be6d36_m.jpg\" \/><\/a><a href=\"https:\/\/live.staticflickr.com\/3719\/9941007634_3a7b861472_b.jpg\" rel=\"flickrGal0\" title=\"\"><img alt=\"\" src=\"https:\/\/farm4.static.flickr.com\/3719\/9941007634_3a7b861472_m.jpg\" data-safe-src=\"https:\/\/farm4.static.flickr.com\/3719\/9941007634_3a7b861472_m.jpg\" \/><\/a><a href=\"https:\/\/live.staticflickr.com\/7356\/9940967755_4c782b0b5a_b.jpg\" rel=\"flickrGal0\" title=\"\"><img alt=\"\" src=\"https:\/\/farm8.static.flickr.com\/7356\/9940967755_4c782b0b5a_m.jpg\" data-safe-src=\"https:\/\/farm8.static.flickr.com\/7356\/9940967755_4c782b0b5a_m.jpg\" \/><\/a><a href=\"https:\/\/live.staticflickr.com\/5509\/9940973086_6844a2e07d_b.jpg\" rel=\"flickrGal0\" title=\"\"><img alt=\"\" src=\"https:\/\/farm6.static.flickr.com\/5509\/9940973086_6844a2e07d_m.jpg\" data-safe-src=\"https:\/\/farm6.static.flickr.com\/5509\/9940973086_6844a2e07d_m.jpg\" \/><\/a><a href=\"https:\/\/live.staticflickr.com\/7394\/9940971866_c59cb225a7_b.jpg\" rel=\"flickrGal0\" title=\"\"><img alt=\"\" src=\"https:\/\/farm8.static.flickr.com\/7394\/9940971866_c59cb225a7_m.jpg\" data-safe-src=\"https:\/\/farm8.static.flickr.com\/7394\/9940971866_c59cb225a7_m.jpg\" \/><\/a><a href=\"https:\/\/live.staticflickr.com\/3808\/9940961706_7d9a559209_b.jpg\" rel=\"flickrGal0\" title=\"\"><img alt=\"\" src=\"https:\/\/farm4.static.flickr.com\/3808\/9940961706_7d9a559209_m.jpg\" data-safe-src=\"https:\/\/farm4.static.flickr.com\/3808\/9940961706_7d9a559209_m.jpg\" \/><\/a><a href=\"https:\/\/live.staticflickr.com\/5455\/9940965904_edcab0c7ef_b.jpg\" rel=\"flickrGal0\" title=\"\"><img alt=\"\" src=\"https:\/\/farm6.static.flickr.com\/5455\/9940965904_edcab0c7ef_m.jpg\" data-safe-src=\"https:\/\/farm6.static.flickr.com\/5455\/9940965904_edcab0c7ef_m.jpg\" \/><\/a><a href=\"https:\/\/live.staticflickr.com\/7413\/9941052613_963f7c97c9_b.jpg\" rel=\"flickrGal0\" title=\"\"><img alt=\"\" src=\"https:\/\/farm8.static.flickr.com\/7413\/9941052613_963f7c97c9_m.jpg\" data-safe-src=\"https:\/\/farm8.static.flickr.com\/7413\/9941052613_963f7c97c9_m.jpg\" \/><\/a><a href=\"https:\/\/live.staticflickr.com\/7315\/9940956914_1ae9128df8_b.jpg\" rel=\"flickrGal0\" title=\"\"><img alt=\"\" src=\"https:\/\/farm8.static.flickr.com\/7315\/9940956914_1ae9128df8_m.jpg\" data-safe-src=\"https:\/\/farm8.static.flickr.com\/7315\/9940956914_1ae9128df8_m.jpg\" \/><\/a><a href=\"https:\/\/live.staticflickr.com\/7306\/9940922135_f897920056_b.jpg\" rel=\"flickrGal0\" title=\"\"><img alt=\"\" src=\"https:\/\/farm8.static.flickr.com\/7306\/9940922135_f897920056_m.jpg\" data-safe-src=\"https:\/\/farm8.static.flickr.com\/7306\/9940922135_f897920056_m.jpg\" \/><\/a><a href=\"https:\/\/live.staticflickr.com\/7422\/9940939334_50639ba3da_b.jpg\" rel=\"flickrGal0\" title=\"\"><img alt=\"\" src=\"https:\/\/farm8.static.flickr.com\/7422\/9940939334_50639ba3da_m.jpg\" data-safe-src=\"https:\/\/farm8.static.flickr.com\/7422\/9940939334_50639ba3da_m.jpg\" \/><\/a><a href=\"https:\/\/live.staticflickr.com\/2865\/9940937724_bac0093746_b.jpg\" rel=\"flickrGal0\" title=\"\"><img alt=\"\" src=\"https:\/\/farm3.static.flickr.com\/2865\/9940937724_bac0093746_m.jpg\" data-safe-src=\"https:\/\/farm3.static.flickr.com\/2865\/9940937724_bac0093746_m.jpg\" \/><\/a><a href=\"https:\/\/live.staticflickr.com\/3752\/9940933714_aa2bc9c8cc_b.jpg\" rel=\"flickrGal0\" title=\"\"><img alt=\"\" src=\"https:\/\/farm4.static.flickr.com\/3752\/9940933714_aa2bc9c8cc_m.jpg\" data-safe-src=\"https:\/\/farm4.static.flickr.com\/3752\/9940933714_aa2bc9c8cc_m.jpg\" \/><\/a><a href=\"https:\/\/live.staticflickr.com\/3767\/9940926214_d7ed590fe6_b.jpg\" rel=\"flickrGal0\" title=\"\"><img alt=\"\" src=\"https:\/\/farm4.static.flickr.com\/3767\/9940926214_d7ed590fe6_m.jpg\" data-safe-src=\"https:\/\/farm4.static.flickr.com\/3767\/9940926214_d7ed590fe6_m.jpg\" \/><\/a><a href=\"https:\/\/live.staticflickr.com\/5329\/9940900416_9f01486b09_b.jpg\" rel=\"flickrGal0\" title=\"\"><img alt=\"\" src=\"https:\/\/farm6.static.flickr.com\/5329\/9940900416_9f01486b09_m.jpg\" data-safe-src=\"https:\/\/farm6.static.flickr.com\/5329\/9940900416_9f01486b09_m.jpg\" \/><\/a><a href=\"https:\/\/live.staticflickr.com\/7451\/9940894916_e4d2e2ac53_b.jpg\" rel=\"flickrGal0\" title=\"\"><img alt=\"\" src=\"https:\/\/farm8.static.flickr.com\/7451\/9940894916_e4d2e2ac53_m.jpg\" data-safe-src=\"https:\/\/farm8.static.flickr.com\/7451\/9940894916_e4d2e2ac53_m.jpg\" \/><\/a><a href=\"https:\/\/live.staticflickr.com\/2811\/9940883335_bcd92bcb6d_b.jpg\" rel=\"flickrGal0\" title=\"\"><img alt=\"\" src=\"https:\/\/farm3.static.flickr.com\/2811\/9940883335_bcd92bcb6d_m.jpg\" data-safe-src=\"https:\/\/farm3.static.flickr.com\/2811\/9940883335_bcd92bcb6d_m.jpg\" \/><\/a><a href=\"https:\/\/live.staticflickr.com\/2831\/9941004113_13705a65f1_b.jpg\" rel=\"flickrGal0\" title=\"\"><img alt=\"\" src=\"https:\/\/farm3.static.flickr.com\/2831\/9941004113_13705a65f1_m.jpg\" data-safe-src=\"https:\/\/farm3.static.flickr.com\/2831\/9941004113_13705a65f1_m.jpg\" \/><\/a><a href=\"https:\/\/live.staticflickr.com\/2853\/9940881526_4058dc109c_b.jpg\" rel=\"flickrGal0\" title=\"\"><img alt=\"\" src=\"https:\/\/farm3.static.flickr.com\/2853\/9940881526_4058dc109c_m.jpg\" data-safe-src=\"https:\/\/farm3.static.flickr.com\/2853\/9940881526_4058dc109c_m.jpg\" \/><\/a><a href=\"https:\/\/live.staticflickr.com\/2874\/9940999003_8c5bc2f79c_b.jpg\" rel=\"flickrGal0\" title=\"\"><img alt=\"\" src=\"https:\/\/farm3.static.flickr.com\/2874\/9940999003_8c5bc2f79c_m.jpg\" data-safe-src=\"https:\/\/farm3.static.flickr.com\/2874\/9940999003_8c5bc2f79c_m.jpg\" \/><\/a><\/div><script type=\"text\/javascript\">function fjgwppInit_flickrGal0() { \n\t\t\t\tjQuery(\"#flickrGal0\").on('jg.complete', function() {\n\t\t\t\t\tjQuery(\"#flickrGal0\").find(\"> a\").swipebox();\n\t\t\t\t}).justifiedGallery({'lastRow': 'justify', 'rowHeight':120, 'fixedHeight':false, 'captions':false, 'randomize':false, 'margins':1, 'sizeRangeSuffixes': { \n\t\t\t \t\t\t'lt100':'_t', 'lt240':'_m', 'lt320':'_n',\n\t\t\t\t\t\t'lt500':'', 'lt640':'_z','lt1024':'_b'}});}if (typeof fjgwpp_galleriesInit_functions === \"undefined\") fjgwpp_galleriesInit_functions = [];fjgwpp_galleriesInit_functions.push(fjgwppInit_flickrGal0);<\/script><div><div class=\"nav-previous\"><a href=\"https:\/\/capsurlextreme.com\/blog\/?page_id=1577&page=2\"><span class=\"meta-nav\">&larr;<\/span> Older photos<\/a><\/div><\/div>[\/et_pb_code][\/et_pb_column][et_pb_column type=\u00a0\u00bb1_3&Prime;][et_pb_text admin_label=\u00a0\u00bbTexte accroche social\u00a0\u00bb background_layout=\u00a0\u00bblight\u00a0\u00bb text_orientation=\u00a0\u00bbleft\u00a0\u00bb use_border_color=\u00a0\u00bboff\u00a0\u00bb border_color=\u00a0\u00bb#ffffff\u00a0\u00bb border_style=\u00a0\u00bbsolid\u00a0\u00bb]<\/p>\n<p>Restons en contact sur les r\u00e9seaux sociaux !<\/p>\n<p>[\/et_pb_text][et_pb_social_media_follow admin_label=\u00a0\u00bbSuivez-nous sur les r\u00e9seaux sociaux\u00a0\u00bb link_shape=\u00a0\u00bbrounded_rectangle\u00a0\u00bb background_layout=\u00a0\u00bblight\u00a0\u00bb url_new_window=\u00a0\u00bboff\u00a0\u00bb follow_button=\u00a0\u00bboff\u00a0\u00bb] [et_pb_social_media_follow_network social_network=\u00a0\u00bbfacebook\u00a0\u00bb url=\u00a0\u00bbfacebook.com\/capsurlextreme\u00a0\u00bb skype_action=\u00a0\u00bbcall\u00a0\u00bb bg_color=\u00a0\u00bb#3b5998&Prime;] Facebook [\/et_pb_social_media_follow_network][et_pb_social_media_follow_network social_network=\u00a0\u00bbinstagram\u00a0\u00bb url=\u00a0\u00bbinstragram.com\/capsurlextreme\u00a0\u00bb skype_action=\u00a0\u00bbcall\u00a0\u00bb bg_color=\u00a0\u00bb#517fa4&Prime;] Instagram [\/et_pb_social_media_follow_network][et_pb_social_media_follow_network social_network=\u00a0\u00bbtwitter\u00a0\u00bb url=\u00a0\u00bbtwitter.com\/capsurlextreme\u00a0\u00bb skype_action=\u00a0\u00bbcall\u00a0\u00bb bg_color=\u00a0\u00bb#00aced\u00a0\u00bb] Twitter [\/et_pb_social_media_follow_network][et_pb_social_media_follow_network social_network=\u00a0\u00bbflikr\u00a0\u00bb url=\u00a0\u00bbhttps:\/\/www.flickr.com\/photos\/capsurlextreme\/\u00a0\u00bb skype_action=\u00a0\u00bbcall\u00a0\u00bb bg_color=\u00a0\u00bb#ff0084&Prime;] flikr [\/et_pb_social_media_follow_network] [\/et_pb_social_media_follow][et_pb_blog admin_label=\u00a0\u00bbBlog\u00a0\u00bb fullwidth=\u00a0\u00bbon\u00a0\u00bb posts_number=\u00a0\u00bb2&Prime; include_categories=\u00a0\u00bb9&Prime; show_thumbnail=\u00a0\u00bbon\u00a0\u00bb show_content=\u00a0\u00bboff\u00a0\u00bb show_more=\u00a0\u00bbon\u00a0\u00bb show_author=\u00a0\u00bboff\u00a0\u00bb show_date=\u00a0\u00bboff\u00a0\u00bb show_categories=\u00a0\u00bboff\u00a0\u00bb show_comments=\u00a0\u00bboff\u00a0\u00bb show_pagination=\u00a0\u00bboff\u00a0\u00bb offset_number=\u00a0\u00bb0&Prime; use_overlay=\u00a0\u00bboff\u00a0\u00bb background_layout=\u00a0\u00bblight\u00a0\u00bb use_dropshadow=\u00a0\u00bboff\u00a0\u00bb use_border_color=\u00a0\u00bboff\u00a0\u00bb border_color=\u00a0\u00bb#ffffff\u00a0\u00bb border_style=\u00a0\u00bbsolid\u00a0\u00bb] [\/et_pb_blog][\/et_pb_column][\/et_pb_row][\/et_pb_section]<\/p>\n","protected":false},"excerpt":{"rendered":"<p>[et_pb_section admin_label=\u00a0\u00bbsection\u00a0\u00bb][et_pb_row admin_label=\u00a0\u00bbrow\u00a0\u00bb][et_pb_column type=\u00a0\u00bb2_3&Prime;][et_pb_text admin_label=\u00a0\u00bbTexte\u00a0\u00bb background_layout=\u00a0\u00bblight\u00a0\u00bb text_orientation=\u00a0\u00bbleft\u00a0\u00bb use_border_color=\u00a0\u00bboff\u00a0\u00bb border_color=\u00a0\u00bb#ffffff\u00a0\u00bb border_style=\u00a0\u00bbsolid\u00a0\u00bb] Himalaya beyond Clouds : on remet \u00e7a ? Pourquoi attendre \u00e0 nouveau si longtemps pour repartir \u00e0 nouveau \u00e0 l\u2019aventure ? Ces 100 km de marche nous ont donn\u00e9 du fil \u00e0 retordre mais \u00e9galement de la motivation pour s\u2019engager dans un autre projet un [&hellip;]<\/p>\n","protected":false},"author":1,"featured_media":0,"parent":0,"menu_order":0,"comment_status":"closed","ping_status":"closed","template":"","meta":[],"_links":{"self":[{"href":"https:\/\/capsurlextreme.com\/blog\/index.php?rest_route=\/wp\/v2\/pages\/1577"}],"collection":[{"href":"https:\/\/capsurlextreme.com\/blog\/index.php?rest_route=\/wp\/v2\/pages"}],"about":[{"href":"https:\/\/capsurlextreme.com\/blog\/index.php?rest_route=\/wp\/v2\/types\/page"}],"author":[{"embeddable":true,"href":"https:\/\/capsurlextreme.com\/blog\/index.php?rest_route=\/wp\/v2\/users\/1"}],"replies":[{"embeddable":true,"href":"https:\/\/capsurlextreme.com\/blog\/index.php?rest_route=%2Fwp%2Fv2%2Fcomments&post=1577"}],"version-history":[{"count":15,"href":"https:\/\/capsurlextreme.com\/blog\/index.php?rest_route=\/wp\/v2\/pages\/1577\/revisions"}],"predecessor-version":[{"id":1604,"href":"https:\/\/capsurlextreme.com\/blog\/index.php?rest_route=\/wp\/v2\/pages\/1577\/revisions\/1604"}],"wp:attachment":[{"href":"https:\/\/capsurlextreme.com\/blog\/index.php?rest_route=%2Fwp%2Fv2%2Fmedia&parent=1577"}],"curies":[{"name":"wp","href":"https:\/\/api.w.org\/{rel}","templated":true}]}}